{"id":3302,"date":"2021-12-15T18:17:13","date_gmt":"2021-12-15T17:17:13","guid":{"rendered":"https:\/\/wp.autosconchita.com\/?page_id=3302"},"modified":"2021-12-28T12:52:30","modified_gmt":"2021-12-28T11:52:30","slug":"politica-de-privacidad","status":"publish","type":"page","link":"https:\/\/wp.autosconchita.com\/index.php\/politica-de-privacidad\/","title":{"rendered":"Pol\u00edtica de privacidad"},"content":{"rendered":"\t\t<div data-elementor-type=\"wp-page\" data-elementor-id=\"3302\" class=\"elementor elementor-3302\">\n\t\t\t\t\t\t<section class=\"elementor-section elementor-top-section elementor-element elementor-element-630601d1 elementor-section-boxed elementor-section-height-default elementor-section-height-default\" data-id=\"630601d1\" data-element_type=\"section\">\n\t\t\t\t\t\t<div class=\"elementor-container elementor-column-gap-default\">\n\t\t\t\t\t<div class=\"elementor-column elementor-col-100 elementor-top-column elementor-element elementor-element-2b225ad6\" data-id=\"2b225ad6\" data-element_type=\"column\">\n\t\t\t<div class=\"elementor-widget-wrap elementor-element-populated\">\n\t\t\t\t\t\t<div class=\"elementor-element elementor-element-e6cf6d0 elementor-widget elementor-widget-text-editor\" data-id=\"e6cf6d0\" data-element_type=\"widget\" data-widget_type=\"text-editor.default\">\n\t\t\t\t<div class=\"elementor-widget-container\">\n\t\t\t<style>\/*! elementor - v3.21.0 - 26-05-2024 *\/\n.elementor-widget-text-editor.elementor-drop-cap-view-stacked .elementor-drop-cap{background-color:#69727d;color:#fff}.elementor-widget-text-editor.elementor-drop-cap-view-framed .elementor-drop-cap{color:#69727d;border:3px solid;background-color:transparent}.elementor-widget-text-editor:not(.elementor-drop-cap-view-default) .elementor-drop-cap{margin-top:8px}.elementor-widget-text-editor:not(.elementor-drop-cap-view-default) .elementor-drop-cap-letter{width:1em;height:1em}.elementor-widget-text-editor .elementor-drop-cap{float:left;text-align:center;line-height:1;font-size:50px}.elementor-widget-text-editor .elementor-drop-cap-letter{display:inline-block}<\/style>\t\t\t\t<div id=\"av_section_1\" class=\"avia-section main_color avia-section-large avia-no-border-styling avia-bg-style-scroll  avia-builder-el-0  avia-builder-el-no-sibling   container_wrap fullsize\">\n<div class=\"container\"><main class=\"template-page content  av-content-full alpha units\" role=\"main\">\n<div class=\"post-entry post-entry-type-page post-entry-4634\">\n<div class=\"entry-content-wrapper clearfix\">\n<div class=\"av-special-heading av-special-heading-h2  blockquote modern-quote  avia-builder-el-1  el_before_av_hr  avia-builder-el-first   av-inherit-size \">\n<h2 class=\"av-special-heading-tag \">POL\u00cdTICA DE PRIVACIDAD<\/h2>\n<\/div>\n<div class=\"hr hr-custom hr-left hr-icon-no   avia-builder-el-2  el_after_av_heading  el_before_av_one_full \">\u00a0<\/div>\n<div class=\"flex_column av_one_full  flex_column_div av-zero-column-padding first  avia-builder-el-3  el_after_av_hr  avia-builder-el-last  \">\n<section class=\"av_textblock_section \">\n<div class=\"avia_textblock  \">\n<p>Autom\u00f3viles Concepci\u00f3n S.L. para proteger los derechos individuales, sobre todo en relaci\u00f3n con los tratamientos automatizados y con voluntad de ser transparentes con el Usuario, ha establecido una pol\u00edtica que recoge el conjunto de dichos tratamientos, los fines perseguidos por estos \u00faltimos, la legitimidad de los mismos y tambi\u00e9n los instrumentos a disposici\u00f3n del Usuario para que pueda ejercer sus derechos.<\/p>\n<h3><span id=\"responsable\">\u00bfQui\u00e9n es el responsable de tus datos?<\/span><\/h3>\n<ul>\n<li>\n<ul>\n<li><b>Identidad: <\/b>Autom\u00f3viles Concepci\u00f3n S.L.<\/li>\n<li><b>Direcci\u00f3n: <\/b>Carrer de Joan Torras, 11-15, 08030 Barcelona<\/li>\n<\/ul>\n<\/li>\n<\/ul>\n<ul>\n<li><b>Tel\u00e9fono:<\/b>+34 933 128 000<\/li>\n<li><b>E-mail:<\/b> info@autosconchita.com<\/li>\n<li><b>Contacto DPD:\u00a0<\/b>info@autosconchita.com<\/li>\n<\/ul>\n<h3><span id=\"finalidad\">\u00bfCon qu\u00e9 finalidad recogemos tus datos personales?<\/span><\/h3>\n<p>En Autom\u00f3viles Concepci\u00f3n S.L. recogemos y tratamos la informaci\u00f3n que nos facilitas con el fin de responder a las cuestiones que nos planteas a trav\u00e9s de nuestros formularios de contacto y de comentarios, y de hacerte llegar informaci\u00f3n que sea de tu inter\u00e9s a trav\u00e9s de nuestros canales de comunicaci\u00f3n.<\/p>\n<p>Dicha informaci\u00f3n la mantendremos almacenada mientras no solicites su supresi\u00f3n.<\/p>\n<h3><span id=\"legitimacion\">\u00bfCu\u00e1l es la legitimaci\u00f3n para el tratamiento de tus datos?<\/span><\/h3>\n<p>Las bases legales para el tratamiento de tus datos son las siguientes:<\/p>\n<ul>\n<li>Ejecuci\u00f3n del contrato de suscripci\u00f3n para hacerte llegar informaci\u00f3n que sea de tu inter\u00e9s a trav\u00e9s de nuestros canales de comunicaci\u00f3n.<\/li>\n<li>Obtenci\u00f3n de tu consentimiento para responder a las cuestiones que nos planteas a trav\u00e9s de nuestros formularios de contacto y de comentarios.<\/li>\n<\/ul>\n<p>Recuerda que no est\u00e1s obligado a darnos tu consentimiento para el tratamiento de tus datos, pero de no hacerlo, Autom\u00f3viles Concepci\u00f3n S.L. no podr\u00e1 hacerte llegar informaci\u00f3n que sea de tu inter\u00e9s a trav\u00e9s de nuestros canales de comunicaci\u00f3n.<\/p>\n<h3><span id=\"destinatarios\">\u00bfA qu\u00e9 destinatarios se comunicar\u00e1n tus datos de car\u00e1cter personal?<\/span><\/h3>\n<p>Los datos personales del usuario podr\u00e1n eventualmente ser comunicados a terceros relacionas con Autom\u00f3viles Concepci\u00f3n S.L. por contrato para la realizaci\u00f3n de las tareas necesarias para la gesti\u00f3n de su cuenta como cliente y sin que tenga que dar su autorizaci\u00f3n.<\/p>\n<p>Tambi\u00e9n cuando tuvieran que hacerse comunicaciones a las autoridades en caso de que el Usuario hubiera realizado acciones contrarias a la Ley o incumplido el contenido del aviso legal.<\/p>\n<p>Los datos personales del Usuario podr\u00e1n transferirse a un tercer pa\u00eds o a una organizaci\u00f3n internacional, pero se le deber\u00e1 informar cuando se vaya a producir esa transferencia, y\u00a0 de las condiciones de la misma y del destinatario.<\/p>\n<p>Cuando algunos datos sean obligatorios para acceder a funcionalidades concretas del sitio web, Autom\u00f3viles Concepci\u00f3n S.L. indicar\u00e1 dicho car\u00e1cter obligatorio en el momento de la recogida de datos del Usuario<\/p>\n<h3><span id=\"derechos\">\u00bfCu\u00e1les son tus derechos cuando nos facilitas tus datos personales?<\/span><\/h3>\n<p>El hecho de que nos hayas cedido tus datos y nos hayas dado el consentimiento para tratarlos, no te esclaviza a nosotros. Existen una serie de derechos que puedes ejercer en cualquier momento, los cuales son:<\/p>\n<ul>\n<li>Derechos a solicitar el acceso a tus datos de car\u00e1cter personal.<\/li>\n<li>Derecho a solicitar la rectificaci\u00f3n o supresi\u00f3n.<\/li>\n<li>Derecho a solicitar la limitaci\u00f3n del tratamiento.<\/li>\n<li>Derecho a oponerse al tratamiento.<\/li>\n<\/ul>\n<p>Tambi\u00e9n te informamos, que si has dado tu consentimiento para alguna finalidad espec\u00edfica, tienes derecho a retirarlo en cualquier momento, sin que ello afecte a la licitud del tratamiento basado en el consentimiento previo a su retirada.<\/p>\n<p>El usuario tiene la posibilidad de presentar una reclamaci\u00f3n ante la\u00a0<span style=\"color: #ff6600;\"><a style=\"color: #ff6600;\" href=\"http:\/\/www.agpd.es\/\" target=\"_blank\" rel=\"noopener\">Agencia Espa\u00f1ola de Protecci\u00f3n de Datos<\/a>,<\/span> especialmente cuando no hayas obtenido satisfacci\u00f3n en el ejercicio de tus derechos.<\/p>\n<p>Salvo que el usuario se oponga, enviando un email a la direcci\u00f3n de correo electr\u00f3nico info<a>@autosconchita.com<\/a>, sus datos podr\u00e1n ser utilizados, en su caso, si procede, para el env\u00edo de informaci\u00f3n comercial de info<a>@autosconchita.com<\/a><\/p>\n<p>Los datos proporcionados se conservar\u00e1n mientras se mantenga la relaci\u00f3n comercial o durante los a\u00f1os necesarios para cumplir las obligaciones legales.<\/p>\n<p>La Pol\u00edtica de Privacidad fue actualizada por \u00faltima vez el 08 de marzo del 2018.<\/p>\n<\/div>\n<\/section>\n<\/div>\n<\/div>\n<\/div>\n<\/main><\/div>\n<\/div>\t\t\t\t\t\t<\/div>\n\t\t\t\t<\/div>\n\t\t\t\t\t<\/div>\n\t\t<\/div>\n\t\t\t\t\t<\/div>\n\t\t<\/section>\n\t\t\t\t<\/div>\n\t\t","protected":false},"excerpt":{"rendered":"<p>POL\u00cdTICA DE PRIVACIDAD \u00a0 Autom\u00f3viles Concepci\u00f3n S.L. para proteger los derechos individuales, sobre todo en relaci\u00f3n con los tratamientos automatizados y con voluntad de ser transparentes con el Usuario, ha establecido una pol\u00edtica que recoge el conjunto de dichos tratamientos, los fines perseguidos por estos \u00faltimos, la legitimidad de los mismos y tambi\u00e9n los instrumentos [&hellip;]<\/p>\n","protected":false},"author":2,"featured_media":0,"parent":0,"menu_order":0,"comment_status":"closed","ping_status":"closed","template":"","meta":{"_joinchat":[],"footnotes":""},"class_list":["post-3302","page","type-page","status-publish","hentry"],"yoast_head":"<!-- This site is optimized with the Yoast SEO plugin v22.8 - https:\/\/yoast.com\/wordpress\/plugins\/seo\/ -->\n<title>Pol\u00edtica de privacidad - Autosconchita<\/title>\n<meta name=\"robots\" content=\"index, follow, max-snippet:-1, max-image-preview:large, max-video-preview:-1\" \/>\n<link rel=\"canonical\" href=\"https:\/\/wp.autosconchita.com\/index.php\/politica-de-privacidad\/\" \/>\n<meta property=\"og:locale\" content=\"es_ES\" \/>\n<meta property=\"og:type\" content=\"article\" \/>\n<meta property=\"og:title\" content=\"Pol\u00edtica de privacidad - Autosconchita\" \/>\n<meta property=\"og:description\" content=\"POL\u00cdTICA DE PRIVACIDAD \u00a0 Autom\u00f3viles Concepci\u00f3n S.L. para proteger los derechos individuales, sobre todo en relaci\u00f3n con los tratamientos automatizados y con voluntad de ser transparentes con el Usuario, ha establecido una pol\u00edtica que recoge el conjunto de dichos tratamientos, los fines perseguidos por estos \u00faltimos, la legitimidad de los mismos y tambi\u00e9n los instrumentos [&hellip;]\" \/>\n<meta property=\"og:url\" content=\"https:\/\/wp.autosconchita.com\/index.php\/politica-de-privacidad\/\" \/>\n<meta property=\"og:site_name\" content=\"Autosconchita\" \/>\n<meta property=\"article:modified_time\" content=\"2021-12-28T11:52:30+00:00\" \/>\n<meta name=\"twitter:card\" content=\"summary_large_image\" \/>\n<meta name=\"twitter:label1\" content=\"Tiempo de lectura\" \/>\n\t<meta name=\"twitter:data1\" content=\"4 minutos\" \/>\n<script type=\"application\/ld+json\" class=\"yoast-schema-graph\">{\"@context\":\"https:\/\/schema.org\",\"@graph\":[{\"@type\":\"WebPage\",\"@id\":\"https:\/\/wp.autosconchita.com\/index.php\/politica-de-privacidad\/\",\"url\":\"https:\/\/wp.autosconchita.com\/index.php\/politica-de-privacidad\/\",\"name\":\"Pol\u00edtica de privacidad - Autosconchita\",\"isPartOf\":{\"@id\":\"https:\/\/wp.autosconchita.com\/#website\"},\"datePublished\":\"2021-12-15T17:17:13+00:00\",\"dateModified\":\"2021-12-28T11:52:30+00:00\",\"breadcrumb\":{\"@id\":\"https:\/\/wp.autosconchita.com\/index.php\/politica-de-privacidad\/#breadcrumb\"},\"inLanguage\":\"es\",\"potentialAction\":[{\"@type\":\"ReadAction\",\"target\":[\"https:\/\/wp.autosconchita.com\/index.php\/politica-de-privacidad\/\"]}]},{\"@type\":\"BreadcrumbList\",\"@id\":\"https:\/\/wp.autosconchita.com\/index.php\/politica-de-privacidad\/#breadcrumb\",\"itemListElement\":[{\"@type\":\"ListItem\",\"position\":1,\"name\":\"Portada\",\"item\":\"https:\/\/wp.autosconchita.com\/\"},{\"@type\":\"ListItem\",\"position\":2,\"name\":\"Pol\u00edtica de privacidad\"}]},{\"@type\":\"WebSite\",\"@id\":\"https:\/\/wp.autosconchita.com\/#website\",\"url\":\"https:\/\/wp.autosconchita.com\/\",\"name\":\"Autosconchita\",\"description\":\"Concesionario multimarca\",\"publisher\":{\"@id\":\"https:\/\/wp.autosconchita.com\/#organization\"},\"potentialAction\":[{\"@type\":\"SearchAction\",\"target\":{\"@type\":\"EntryPoint\",\"urlTemplate\":\"https:\/\/wp.autosconchita.com\/?s={search_term_string}\"},\"query-input\":\"required name=search_term_string\"}],\"inLanguage\":\"es\"},{\"@type\":\"Organization\",\"@id\":\"https:\/\/wp.autosconchita.com\/#organization\",\"name\":\"Autosconchita\",\"url\":\"https:\/\/wp.autosconchita.com\/\",\"logo\":{\"@type\":\"ImageObject\",\"inLanguage\":\"es\",\"@id\":\"https:\/\/wp.autosconchita.com\/#\/schema\/logo\/image\/\",\"url\":\"https:\/\/wp.autosconchita.com\/wp-content\/uploads\/2021\/09\/cropped-cropped-autosconchita.png\",\"contentUrl\":\"https:\/\/wp.autosconchita.com\/wp-content\/uploads\/2021\/09\/cropped-cropped-autosconchita.png\",\"width\":721,\"height\":200,\"caption\":\"Autosconchita\"},\"image\":{\"@id\":\"https:\/\/wp.autosconchita.com\/#\/schema\/logo\/image\/\"}}]}<\/script>\n<!-- \/ Yoast SEO plugin. -->","yoast_head_json":{"title":"Pol\u00edtica de privacidad - Autosconchita","robots":{"index":"index","follow":"follow","max-snippet":"max-snippet:-1","max-image-preview":"max-image-preview:large","max-video-preview":"max-video-preview:-1"},"canonical":"https:\/\/wp.autosconchita.com\/index.php\/politica-de-privacidad\/","og_locale":"es_ES","og_type":"article","og_title":"Pol\u00edtica de privacidad - Autosconchita","og_description":"POL\u00cdTICA DE PRIVACIDAD \u00a0 Autom\u00f3viles Concepci\u00f3n S.L. para proteger los derechos individuales, sobre todo en relaci\u00f3n con los tratamientos automatizados y con voluntad de ser transparentes con el Usuario, ha establecido una pol\u00edtica que recoge el conjunto de dichos tratamientos, los fines perseguidos por estos \u00faltimos, la legitimidad de los mismos y tambi\u00e9n los instrumentos [&hellip;]","og_url":"https:\/\/wp.autosconchita.com\/index.php\/politica-de-privacidad\/","og_site_name":"Autosconchita","article_modified_time":"2021-12-28T11:52:30+00:00","twitter_card":"summary_large_image","twitter_misc":{"Tiempo de lectura":"4 minutos"},"schema":{"@context":"https:\/\/schema.org","@graph":[{"@type":"WebPage","@id":"https:\/\/wp.autosconchita.com\/index.php\/politica-de-privacidad\/","url":"https:\/\/wp.autosconchita.com\/index.php\/politica-de-privacidad\/","name":"Pol\u00edtica de privacidad - Autosconchita","isPartOf":{"@id":"https:\/\/wp.autosconchita.com\/#website"},"datePublished":"2021-12-15T17:17:13+00:00","dateModified":"2021-12-28T11:52:30+00:00","breadcrumb":{"@id":"https:\/\/wp.autosconchita.com\/index.php\/politica-de-privacidad\/#breadcrumb"},"inLanguage":"es","potentialAction":[{"@type":"ReadAction","target":["https:\/\/wp.autosconchita.com\/index.php\/politica-de-privacidad\/"]}]},{"@type":"BreadcrumbList","@id":"https:\/\/wp.autosconchita.com\/index.php\/politica-de-privacidad\/#breadcrumb","itemListElement":[{"@type":"ListItem","position":1,"name":"Portada","item":"https:\/\/wp.autosconchita.com\/"},{"@type":"ListItem","position":2,"name":"Pol\u00edtica de privacidad"}]},{"@type":"WebSite","@id":"https:\/\/wp.autosconchita.com\/#website","url":"https:\/\/wp.autosconchita.com\/","name":"Autosconchita","description":"Concesionario multimarca","publisher":{"@id":"https:\/\/wp.autosconchita.com\/#organization"},"potentialAction":[{"@type":"SearchAction","target":{"@type":"EntryPoint","urlTemplate":"https:\/\/wp.autosconchita.com\/?s={search_term_string}"},"query-input":"required name=search_term_string"}],"inLanguage":"es"},{"@type":"Organization","@id":"https:\/\/wp.autosconchita.com\/#organization","name":"Autosconchita","url":"https:\/\/wp.autosconchita.com\/","logo":{"@type":"ImageObject","inLanguage":"es","@id":"https:\/\/wp.autosconchita.com\/#\/schema\/logo\/image\/","url":"https:\/\/wp.autosconchita.com\/wp-content\/uploads\/2021\/09\/cropped-cropped-autosconchita.png","contentUrl":"https:\/\/wp.autosconchita.com\/wp-content\/uploads\/2021\/09\/cropped-cropped-autosconchita.png","width":721,"height":200,"caption":"Autosconchita"},"image":{"@id":"https:\/\/wp.autosconchita.com\/#\/schema\/logo\/image\/"}}]}},"_links":{"self":[{"href":"https:\/\/wp.autosconchita.com\/index.php\/wp-json\/wp\/v2\/pages\/3302","targetHints":{"allow":["GET"]}}],"collection":[{"href":"https:\/\/wp.autosconchita.com\/index.php\/wp-json\/wp\/v2\/pages"}],"about":[{"href":"https:\/\/wp.autosconchita.com\/index.php\/wp-json\/wp\/v2\/types\/page"}],"author":[{"embeddable":true,"href":"https:\/\/wp.autosconchita.com\/index.php\/wp-json\/wp\/v2\/users\/2"}],"replies":[{"embeddable":true,"href":"https:\/\/wp.autosconchita.com\/index.php\/wp-json\/wp\/v2\/comments?post=3302"}],"version-history":[{"count":7,"href":"https:\/\/wp.autosconchita.com\/index.php\/wp-json\/wp\/v2\/pages\/3302\/revisions"}],"predecessor-version":[{"id":3450,"href":"https:\/\/wp.autosconchita.com\/index.php\/wp-json\/wp\/v2\/pages\/3302\/revisions\/3450"}],"wp:attachment":[{"href":"https:\/\/wp.autosconchita.com\/index.php\/wp-json\/wp\/v2\/media?parent=3302"}],"curies":[{"name":"wp","href":"https:\/\/api.w.org\/{rel}","templated":true}]}}