{"id":3451,"date":"2021-12-28T12:53:01","date_gmt":"2021-12-28T11:53:01","guid":{"rendered":"https:\/\/wp.autosconchita.com\/?page_id=3451"},"modified":"2021-12-28T13:02:29","modified_gmt":"2021-12-28T12:02:29","slug":"aviso-legal","status":"publish","type":"page","link":"https:\/\/wp.autosconchita.com\/index.php\/aviso-legal\/","title":{"rendered":"Aviso legal"},"content":{"rendered":"\t\t<div data-elementor-type=\"wp-page\" data-elementor-id=\"3451\" class=\"elementor elementor-3451\">\n\t\t\t\t\t\t<section class=\"elementor-section elementor-top-section elementor-element elementor-element-630601d1 elementor-section-boxed elementor-section-height-default elementor-section-height-default\" data-id=\"630601d1\" data-element_type=\"section\">\n\t\t\t\t\t\t<div class=\"elementor-container elementor-column-gap-default\">\n\t\t\t\t\t<div class=\"elementor-column elementor-col-100 elementor-top-column elementor-element elementor-element-2b225ad6\" data-id=\"2b225ad6\" data-element_type=\"column\">\n\t\t\t<div class=\"elementor-widget-wrap elementor-element-populated\">\n\t\t\t\t\t\t<div class=\"elementor-element elementor-element-e6cf6d0 elementor-widget elementor-widget-text-editor\" data-id=\"e6cf6d0\" data-element_type=\"widget\" data-widget_type=\"text-editor.default\">\n\t\t\t\t<div class=\"elementor-widget-container\">\n\t\t\t<style>\/*! elementor - v3.21.0 - 26-05-2024 *\/\n.elementor-widget-text-editor.elementor-drop-cap-view-stacked .elementor-drop-cap{background-color:#69727d;color:#fff}.elementor-widget-text-editor.elementor-drop-cap-view-framed .elementor-drop-cap{color:#69727d;border:3px solid;background-color:transparent}.elementor-widget-text-editor:not(.elementor-drop-cap-view-default) .elementor-drop-cap{margin-top:8px}.elementor-widget-text-editor:not(.elementor-drop-cap-view-default) .elementor-drop-cap-letter{width:1em;height:1em}.elementor-widget-text-editor .elementor-drop-cap{float:left;text-align:center;line-height:1;font-size:50px}.elementor-widget-text-editor .elementor-drop-cap-letter{display:inline-block}<\/style>\t\t\t\t<div id=\"av_section_1\" class=\"avia-section main_color avia-section-large avia-no-border-styling avia-bg-style-scroll avia-builder-el-0 avia-builder-el-no-sibling container_wrap fullsize\"><div class=\"container\"><div class=\"av-special-heading av-special-heading-h2 blockquote modern-quote avia-builder-el-1 el_before_av_hr avia-builder-el-first av-inherit-size \"><h2 class=\"av-special-heading-tag \">AVISO LEGAL<\/h2><\/div><div class=\"flex_column av_one_full flex_column_div av-zero-column-padding first avia-builder-el-3 el_after_av_hr avia-builder-el-last \"><section class=\"av_textblock_section \"><div class=\"avia_textblock \"><h1>\u00a0<\/h1><ol><li><strong>DATOS IDENTIFICATIVOS:\u00a0<\/strong>En cumplimiento con el deber de informaci\u00f3n recogido en art\u00edculo 10 de la Ley 34\/2002, de 11 de julio, de Servicios de la Sociedad de la Informaci\u00f3n y del Comercio Electr\u00f3nico, a continuaci\u00f3n se reflejan los siguientes datos: la empresa titular de www.autosconchita.comAUTOM\u00d3VILES CONCHITA S.L., con domicilio a estos efectos en Carrer de Joan Torras, 11-15, 08030 Barcelona, y C.I.F. n\u00famero B-59140467; inscrita en el Registro Mercantil de Barcelona. Tomo 27496, Foli 106, Hoja B-119752. Correo electr\u00f3nico de contacto: info@autosconchita.com<\/li><li><strong>USUARIOS:\u00a0<\/strong>El acceso y\/o uso de este portal de AUTOM\u00d3VILES CONCHITA S.L. atribuye la condici\u00f3n de USUARIO, que acepta, desde dicho acceso y\/o uso, las Condiciones Generales de Uso aqu\u00ed reflejadas. Las citadas Condiciones ser\u00e1n de aplicaci\u00f3n independientemente de las Condiciones Generales de Contrataci\u00f3n que en su caso resulten de obligado cumplimiento.<\/li><li><strong>USO DEL PORTAL: www.autosconchita.com<\/strong> proporciona el acceso a multitud de informaciones, servicios, programas o datos (en adelante, \u201clos contenidos\u201d) en Internet pertenecientes a AUTOM\u00d3VILES CONCHITA S.L. o a sus licenciantes a los que el USUARIO pueda tener acceso. El USUARIO asume la responsabilidad del uso del portal. Dicha responsabilidad se extiende al registro que fuese necesario para acceder a determinados servicios o contenidos. En dicho registro el USUARIO ser\u00e1 responsable de aportar informaci\u00f3n veraz y l\u00edcita. Como consecuencia de este registro, al USUARIO se le puede proporcionar una contrase\u00f1a de la que ser\u00e1 responsable, comprometi\u00e9ndose a hacer un uso diligente y confidencial de la misma. El USUARIO se compromete a hacer un uso adecuado de los contenidos y servicios que AUTOM\u00d3VILES CONCHITA S.L. ofrece a trav\u00e9s de su portal y con car\u00e1cter enunciativo pero no limitativo, a no emplearlos para (i) incurrir en actividades il\u00edcitas, ilegales o contrarias a la buena fe y al orden p\u00fablico; (ii) difundir contenidos o propaganda de car\u00e1cter racista, xen\u00f3fobo, pornogr\u00e1fico-ilegal, de apolog\u00eda del terrorismo o atentatorio contra los derechos humanos; (iii) provocar da\u00f1os en los sistemas f\u00edsicos y l\u00f3gicos de AUTOM\u00d3VILES CONCHITA S.L., de sus proveedores o de terceras personas, introducir o difundir en la red virus inform\u00e1ticos o cualesquiera otros sistemas f\u00edsicos o l\u00f3gicos que sean susceptibles de provocar los da\u00f1os anteriormente mencionados; (iv) intentar acceder y, en su caso, utilizar las cuentas de correo electr\u00f3nico de otros usuarios y modificar o manipular sus mensajes. AUTOM\u00d3VILES CONCHITA S.L. se reserva el derecho de retirar todos aquellos comentarios y aportaciones que vulneren el respeto a la dignidad de la persona, que sean discriminatorios, xen\u00f3fobos, racistas, pornogr\u00e1ficos, que atenten contra la juventud o la infancia, el orden o la seguridad p\u00fablica o que, a su juicio, no resultaran adecuados para su publicaci\u00f3n. En cualquier caso, AUTOM\u00d3VILES CONCHITA S.L. no ser\u00e1 responsable de las opiniones vertidas por los usuarios a trav\u00e9s de los foros, chats, u otras herramientas de participaci\u00f3n.<\/li><li><strong>PROTECCI\u00d3N DE DATOS:\u00a0<\/strong>La confidencialidad y la seguridad son valores primordiales de AUTOM\u00d3VILES CONCHITA S.L. y, en consecuencia, asumimos el compromiso de garantizar la privacidad del Usuario en todo momento y de no recabar informaci\u00f3n innecesaria.El suministro de datos personales a trav\u00e9s de nuestro portal requiere una edad m\u00ednima de 14 a\u00f1os y la aceptaci\u00f3n expresa de nuestra Pol\u00edtica de Privacidad.<\/li><li><strong>PROPIEDAD INTELECTUAL E INDUSTRIAL: <\/strong>AUTOM\u00d3VILES CONCHITA S.L. por s\u00ed o como cesionaria, es titular de todos los derechos de propiedad intelectual e industrial de su p\u00e1gina web, as\u00ed como de los elementos contenidos en la misma (a t\u00edtulo enunciativo, im\u00e1genes, sonido, audio, v\u00eddeo, software o textos; marcas o logotipos, combinaciones de colores, estructura y dise\u00f1o, selecci\u00f3n de materiales usados, programas de ordenador necesarios para su funcionamiento, acceso y uso, etc.), titularidad de OLR SOFTWARE S.L. o bien de sus licenciantes. Todos los derechos reservados. En virtud de lo dispuesto en los art\u00edculos 8 y 32.1, p\u00e1rrafo segundo, de la Ley de Propiedad Intelectual, quedan expresamente prohibidas la reproducci\u00f3n, la distribuci\u00f3n y la comunicaci\u00f3n p\u00fablica, incluida su modalidad de puesta a disposici\u00f3n, de la totalidad o parte de los contenidos de esta p\u00e1gina web, con fines comerciales, en cualquier soporte y por cualquier medio t\u00e9cnico, sin la autorizaci\u00f3n de AUTOM\u00d3VILES CONCHITA S.L. El USUARIO se compromete a respetar los derechos de Propiedad Intelectual e Industrial titularidad de AUTOM\u00d3VILES CONCHITA S.L. Podr\u00e1 visualizar los elementos del portal e incluso imprimirlos, copiarlos y almacenarlos en el disco duro de su ordenador o en cualquier otro soporte f\u00edsico siempre y cuando sea, \u00fanica y exclusivamente, para su uso personal y privado. El USUARIO deber\u00e1 abstenerse de suprimir, alterar, eludir o manipular cualquier dispositivo de protecci\u00f3n o sistema de seguridad que estuviera instalado en el las p\u00e1ginas de AUTOM\u00d3VILES CONCHITA S.L.<\/li><li><strong>EXCLUSI\u00d3N DE GARANT\u00cdAS Y RESPONSABILIDAD: <\/strong>AUTOM\u00d3VILES CONCHITA S.L.\u00a0no se hace responsable, en ning\u00fan caso, de los da\u00f1os y perjuicios de cualquier naturaleza que pudieran ocasionar, a t\u00edtulo enunciativo: errores u omisiones en los contenidos, falta de disponibilidad del portal o la transmisi\u00f3n de virus o programas maliciosos o lesivos en los contenidos, a pesar de haber adoptado todas las medidas tecnol\u00f3gicas necesarias para evitarlo.<\/li><li><strong>MODIFICACIONES: <\/strong>AUTOM\u00d3VILES CONCHITA S.L.\u00a0se reserva el derecho de efectuar sin previo aviso las modificaciones que considere oportunas en su portal, pudiendo cambiar, suprimir o a\u00f1adir tanto los contenidos y servicios que se presten a trav\u00e9s de la misma como la forma en la que \u00e9stos aparezcan presentados o localizados en su portal.<\/li><li><strong>ENLACES:\u00a0<\/strong>En caso de que en www.autosconchita.com se dispusiesen enlaces o hiperv\u00ednculos hac\u00eda otros sitios de Internet, AUTOM\u00d3VILES CONCHITA S.L. no ejercer\u00e1 ning\u00fan tipo de control sobre dichos sitios y contenidos. En ning\u00fan caso AUTOM\u00d3VILES CONCHITA S.L. asumir\u00e1 responsabilidad alguna por los contenidos de alg\u00fan enlace perteneciente a un sitio web ajeno, ni garantizar\u00e1 la disponibilidad t\u00e9cnica, calidad, fiabilidad, exactitud, amplitud, veracidad, validez y constitucionalidad de cualquier material o informaci\u00f3n contenida en ninguno de dichos hiperv\u00ednculos u otros sitios de Internet. Igualmente la inclusi\u00f3n de estas conexiones externas no implicar\u00e1 ning\u00fan tipo de asociaci\u00f3n, fusi\u00f3n o participaci\u00f3n con las entidades conectadas.<\/li><li><strong>DERECHO DE EXCLUSI\u00d3N: <\/strong>AUTOM\u00d3VILES CONCHITA S.L.\u00a0se reserva el derecho a denegar o retirar el acceso a portal y\/o los servicios ofrecidos sin necesidad de preaviso, a instancia propia o de un tercero, a aquellos usuarios que incumplan las presentes Condiciones Generales de Uso.<\/li><li><strong>GENERALIDADES: <\/strong>AUTOM\u00d3VILES CONCHITA S.L.\u00a0perseguir\u00e1 el incumplimiento de las presentes condiciones as\u00ed como cualquier utilizaci\u00f3n indebida de su portal ejerciendo todas las acciones civiles y penales que le puedan corresponder en derecho.<\/li><li><strong>MODIFICACI\u00d3N DE LAS PRESENTES CONDICIONES Y DURACI\u00d3N: <\/strong>AUTOM\u00d3VILES CONCHITA S.L.\u00a0podr\u00e1 modificar en cualquier momento las condiciones aqu\u00ed determinadas, siendo debidamente publicadas como aqu\u00ed aparecen. La vigencia de las citadas condiciones ir\u00e1 en funci\u00f3n de su exposici\u00f3n y estar\u00e1n vigentes hasta que sean modificadas por otras debidamente publicadas.<\/li><li><strong>LEGISLACI\u00d3N APLICABLE Y JURISDICCI\u00d3N:\u00a0<\/strong>La relaci\u00f3n entre AUTOM\u00d3VILES CONCHITA S.L. y el USUARIO se regir\u00e1 por la normativa espa\u00f1ola vigente y cualquier controversia se someter\u00e1 a los Juzgados y tribunales de la ciudad de Barcelona<strong>.<\/strong><\/li><\/ol><\/div><\/section><\/div><\/div><\/div>\t\t\t\t\t\t<\/div>\n\t\t\t\t<\/div>\n\t\t\t\t\t<\/div>\n\t\t<\/div>\n\t\t\t\t\t<\/div>\n\t\t<\/section>\n\t\t\t\t<\/div>\n\t\t","protected":false},"excerpt":{"rendered":"<p>AVISO LEGAL \u00a0 DATOS IDENTIFICATIVOS:\u00a0En cumplimiento con el deber de informaci\u00f3n recogido en art\u00edculo 10 de la Ley 34\/2002, de 11 de julio, de Servicios de la Sociedad de la Informaci\u00f3n y del Comercio Electr\u00f3nico, a continuaci\u00f3n se reflejan los siguientes datos: la empresa titular de www.autosconchita.comAUTOM\u00d3VILES CONCHITA S.L., con domicilio a estos efectos en [&hellip;]<\/p>\n","protected":false},"author":2,"featured_media":0,"parent":0,"menu_order":0,"comment_status":"closed","ping_status":"closed","template":"","meta":{"_joinchat":[],"footnotes":""},"class_list":["post-3451","page","type-page","status-publish","hentry"],"yoast_head":"<!-- This site is optimized with the Yoast SEO plugin v22.8 - https:\/\/yoast.com\/wordpress\/plugins\/seo\/ -->\n<title>Aviso legal - Autosconchita<\/title>\n<meta name=\"robots\" content=\"index, follow, max-snippet:-1, max-image-preview:large, max-video-preview:-1\" \/>\n<link rel=\"canonical\" href=\"https:\/\/wp.autosconchita.com\/index.php\/aviso-legal\/\" \/>\n<meta property=\"og:locale\" content=\"es_ES\" \/>\n<meta property=\"og:type\" content=\"article\" \/>\n<meta property=\"og:title\" content=\"Aviso legal - Autosconchita\" \/>\n<meta property=\"og:description\" content=\"AVISO LEGAL \u00a0 DATOS IDENTIFICATIVOS:\u00a0En cumplimiento con el deber de informaci\u00f3n recogido en art\u00edculo 10 de la Ley 34\/2002, de 11 de julio, de Servicios de la Sociedad de la Informaci\u00f3n y del Comercio Electr\u00f3nico, a continuaci\u00f3n se reflejan los siguientes datos: la empresa titular de www.autosconchita.comAUTOM\u00d3VILES CONCHITA S.L., con domicilio a estos efectos en [&hellip;]\" \/>\n<meta property=\"og:url\" content=\"https:\/\/wp.autosconchita.com\/index.php\/aviso-legal\/\" \/>\n<meta property=\"og:site_name\" content=\"Autosconchita\" \/>\n<meta property=\"article:modified_time\" content=\"2021-12-28T12:02:29+00:00\" \/>\n<meta name=\"twitter:card\" content=\"summary_large_image\" \/>\n<meta name=\"twitter:label1\" content=\"Tiempo de lectura\" \/>\n\t<meta name=\"twitter:data1\" content=\"6 minutos\" \/>\n<script type=\"application\/ld+json\" class=\"yoast-schema-graph\">{\"@context\":\"https:\/\/schema.org\",\"@graph\":[{\"@type\":\"WebPage\",\"@id\":\"https:\/\/wp.autosconchita.com\/index.php\/aviso-legal\/\",\"url\":\"https:\/\/wp.autosconchita.com\/index.php\/aviso-legal\/\",\"name\":\"Aviso legal - Autosconchita\",\"isPartOf\":{\"@id\":\"https:\/\/wp.autosconchita.com\/#website\"},\"datePublished\":\"2021-12-28T11:53:01+00:00\",\"dateModified\":\"2021-12-28T12:02:29+00:00\",\"breadcrumb\":{\"@id\":\"https:\/\/wp.autosconchita.com\/index.php\/aviso-legal\/#breadcrumb\"},\"inLanguage\":\"es\",\"potentialAction\":[{\"@type\":\"ReadAction\",\"target\":[\"https:\/\/wp.autosconchita.com\/index.php\/aviso-legal\/\"]}]},{\"@type\":\"BreadcrumbList\",\"@id\":\"https:\/\/wp.autosconchita.com\/index.php\/aviso-legal\/#breadcrumb\",\"itemListElement\":[{\"@type\":\"ListItem\",\"position\":1,\"name\":\"Portada\",\"item\":\"https:\/\/wp.autosconchita.com\/\"},{\"@type\":\"ListItem\",\"position\":2,\"name\":\"Aviso legal\"}]},{\"@type\":\"WebSite\",\"@id\":\"https:\/\/wp.autosconchita.com\/#website\",\"url\":\"https:\/\/wp.autosconchita.com\/\",\"name\":\"Autosconchita\",\"description\":\"Concesionario multimarca\",\"publisher\":{\"@id\":\"https:\/\/wp.autosconchita.com\/#organization\"},\"potentialAction\":[{\"@type\":\"SearchAction\",\"target\":{\"@type\":\"EntryPoint\",\"urlTemplate\":\"https:\/\/wp.autosconchita.com\/?s={search_term_string}\"},\"query-input\":\"required name=search_term_string\"}],\"inLanguage\":\"es\"},{\"@type\":\"Organization\",\"@id\":\"https:\/\/wp.autosconchita.com\/#organization\",\"name\":\"Autosconchita\",\"url\":\"https:\/\/wp.autosconchita.com\/\",\"logo\":{\"@type\":\"ImageObject\",\"inLanguage\":\"es\",\"@id\":\"https:\/\/wp.autosconchita.com\/#\/schema\/logo\/image\/\",\"url\":\"https:\/\/wp.autosconchita.com\/wp-content\/uploads\/2021\/09\/cropped-cropped-autosconchita.png\",\"contentUrl\":\"https:\/\/wp.autosconchita.com\/wp-content\/uploads\/2021\/09\/cropped-cropped-autosconchita.png\",\"width\":721,\"height\":200,\"caption\":\"Autosconchita\"},\"image\":{\"@id\":\"https:\/\/wp.autosconchita.com\/#\/schema\/logo\/image\/\"}}]}<\/script>\n<!-- \/ Yoast SEO plugin. -->","yoast_head_json":{"title":"Aviso legal - Autosconchita","robots":{"index":"index","follow":"follow","max-snippet":"max-snippet:-1","max-image-preview":"max-image-preview:large","max-video-preview":"max-video-preview:-1"},"canonical":"https:\/\/wp.autosconchita.com\/index.php\/aviso-legal\/","og_locale":"es_ES","og_type":"article","og_title":"Aviso legal - Autosconchita","og_description":"AVISO LEGAL \u00a0 DATOS IDENTIFICATIVOS:\u00a0En cumplimiento con el deber de informaci\u00f3n recogido en art\u00edculo 10 de la Ley 34\/2002, de 11 de julio, de Servicios de la Sociedad de la Informaci\u00f3n y del Comercio Electr\u00f3nico, a continuaci\u00f3n se reflejan los siguientes datos: la empresa titular de www.autosconchita.comAUTOM\u00d3VILES CONCHITA S.L., con domicilio a estos efectos en [&hellip;]","og_url":"https:\/\/wp.autosconchita.com\/index.php\/aviso-legal\/","og_site_name":"Autosconchita","article_modified_time":"2021-12-28T12:02:29+00:00","twitter_card":"summary_large_image","twitter_misc":{"Tiempo de lectura":"6 minutos"},"schema":{"@context":"https:\/\/schema.org","@graph":[{"@type":"WebPage","@id":"https:\/\/wp.autosconchita.com\/index.php\/aviso-legal\/","url":"https:\/\/wp.autosconchita.com\/index.php\/aviso-legal\/","name":"Aviso legal - Autosconchita","isPartOf":{"@id":"https:\/\/wp.autosconchita.com\/#website"},"datePublished":"2021-12-28T11:53:01+00:00","dateModified":"2021-12-28T12:02:29+00:00","breadcrumb":{"@id":"https:\/\/wp.autosconchita.com\/index.php\/aviso-legal\/#breadcrumb"},"inLanguage":"es","potentialAction":[{"@type":"ReadAction","target":["https:\/\/wp.autosconchita.com\/index.php\/aviso-legal\/"]}]},{"@type":"BreadcrumbList","@id":"https:\/\/wp.autosconchita.com\/index.php\/aviso-legal\/#breadcrumb","itemListElement":[{"@type":"ListItem","position":1,"name":"Portada","item":"https:\/\/wp.autosconchita.com\/"},{"@type":"ListItem","position":2,"name":"Aviso legal"}]},{"@type":"WebSite","@id":"https:\/\/wp.autosconchita.com\/#website","url":"https:\/\/wp.autosconchita.com\/","name":"Autosconchita","description":"Concesionario multimarca","publisher":{"@id":"https:\/\/wp.autosconchita.com\/#organization"},"potentialAction":[{"@type":"SearchAction","target":{"@type":"EntryPoint","urlTemplate":"https:\/\/wp.autosconchita.com\/?s={search_term_string}"},"query-input":"required name=search_term_string"}],"inLanguage":"es"},{"@type":"Organization","@id":"https:\/\/wp.autosconchita.com\/#organization","name":"Autosconchita","url":"https:\/\/wp.autosconchita.com\/","logo":{"@type":"ImageObject","inLanguage":"es","@id":"https:\/\/wp.autosconchita.com\/#\/schema\/logo\/image\/","url":"https:\/\/wp.autosconchita.com\/wp-content\/uploads\/2021\/09\/cropped-cropped-autosconchita.png","contentUrl":"https:\/\/wp.autosconchita.com\/wp-content\/uploads\/2021\/09\/cropped-cropped-autosconchita.png","width":721,"height":200,"caption":"Autosconchita"},"image":{"@id":"https:\/\/wp.autosconchita.com\/#\/schema\/logo\/image\/"}}]}},"_links":{"self":[{"href":"https:\/\/wp.autosconchita.com\/index.php\/wp-json\/wp\/v2\/pages\/3451","targetHints":{"allow":["GET"]}}],"collection":[{"href":"https:\/\/wp.autosconchita.com\/index.php\/wp-json\/wp\/v2\/pages"}],"about":[{"href":"https:\/\/wp.autosconchita.com\/index.php\/wp-json\/wp\/v2\/types\/page"}],"author":[{"embeddable":true,"href":"https:\/\/wp.autosconchita.com\/index.php\/wp-json\/wp\/v2\/users\/2"}],"replies":[{"embeddable":true,"href":"https:\/\/wp.autosconchita.com\/index.php\/wp-json\/wp\/v2\/comments?post=3451"}],"version-history":[{"count":10,"href":"https:\/\/wp.autosconchita.com\/index.php\/wp-json\/wp\/v2\/pages\/3451\/revisions"}],"predecessor-version":[{"id":3462,"href":"https:\/\/wp.autosconchita.com\/index.php\/wp-json\/wp\/v2\/pages\/3451\/revisions\/3462"}],"wp:attachment":[{"href":"https:\/\/wp.autosconchita.com\/index.php\/wp-json\/wp\/v2\/media?parent=3451"}],"curies":[{"name":"wp","href":"https:\/\/api.w.org\/{rel}","templated":true}]}}