{"id":3463,"date":"2021-12-28T13:03:10","date_gmt":"2021-12-28T12:03:10","guid":{"rendered":"https:\/\/wp.autosconchita.com\/?page_id=3463"},"modified":"2022-01-24T15:56:54","modified_gmt":"2022-01-24T14:56:54","slug":"cookies","status":"publish","type":"page","link":"https:\/\/wp.autosconchita.com\/index.php\/cookies\/","title":{"rendered":"Cookies"},"content":{"rendered":"\t\t<div data-elementor-type=\"wp-page\" data-elementor-id=\"3463\" class=\"elementor elementor-3463\">\n\t\t\t\t\t\t<section class=\"elementor-section elementor-top-section elementor-element elementor-element-630601d1 elementor-section-boxed elementor-section-height-default elementor-section-height-default\" data-id=\"630601d1\" data-element_type=\"section\">\n\t\t\t\t\t\t<div class=\"elementor-container elementor-column-gap-default\">\n\t\t\t\t\t<div class=\"elementor-column elementor-col-100 elementor-top-column elementor-element elementor-element-2b225ad6\" data-id=\"2b225ad6\" data-element_type=\"column\">\n\t\t\t<div class=\"elementor-widget-wrap elementor-element-populated\">\n\t\t\t\t\t\t<div class=\"elementor-element elementor-element-e6cf6d0 elementor-widget elementor-widget-text-editor\" data-id=\"e6cf6d0\" data-element_type=\"widget\" data-widget_type=\"text-editor.default\">\n\t\t\t\t<div class=\"elementor-widget-container\">\n\t\t\t<style>\/*! elementor - v3.21.0 - 26-05-2024 *\/\n.elementor-widget-text-editor.elementor-drop-cap-view-stacked .elementor-drop-cap{background-color:#69727d;color:#fff}.elementor-widget-text-editor.elementor-drop-cap-view-framed .elementor-drop-cap{color:#69727d;border:3px solid;background-color:transparent}.elementor-widget-text-editor:not(.elementor-drop-cap-view-default) .elementor-drop-cap{margin-top:8px}.elementor-widget-text-editor:not(.elementor-drop-cap-view-default) .elementor-drop-cap-letter{width:1em;height:1em}.elementor-widget-text-editor .elementor-drop-cap{float:left;text-align:center;line-height:1;font-size:50px}.elementor-widget-text-editor .elementor-drop-cap-letter{display:inline-block}<\/style>\t\t\t\t<div id=\"av_section_1\" class=\"avia-section main_color avia-section-large avia-no-border-styling avia-bg-style-scroll avia-builder-el-0 avia-builder-el-no-sibling container_wrap fullsize\">\n<div class=\"container\">\n<div id=\"av_section_1\" class=\"avia-section main_color avia-section-large avia-no-border-styling avia-bg-style-scroll avia-builder-el-0 avia-builder-el-no-sibling container_wrap fullsize\">\n<div class=\"container\"><p><\/p><main class=\"template-page content av-content-full alpha units\" role=\"main\"><p><\/p>\n<div class=\"post-entry post-entry-type-page post-entry-4640\">\n<div class=\"entry-content-wrapper clearfix\">\n<div class=\"av-special-heading av-special-heading-h2 blockquote modern-quote avia-builder-el-1 el_before_av_hr avia-builder-el-first av-inherit-size \">\n<h2 class=\"av-special-heading-tag \">POL\u00cdTICA DE COOKIES<\/h2>\n<\/div>\n<div class=\"flex_column av_one_full flex_column_div av-zero-column-padding first avia-builder-el-3 el_after_av_hr avia-builder-el-last \">\n<section class=\"av_textblock_section \">\n<div class=\"avia_textblock \">\n<ol>\n<li>La p\u00e1gina web www.autosconchita.com titularidad Autom\u00f3viles Concepci\u00f3n S.L. utiliza cookies.<br><h2><span id=\"Que_son_las_cookies\" class=\"ez-toc-section\">\u00bfQU\u00c9 ES UNA COOKIE?<\/span><\/h2>\n<p>Una cookie es un peque\u00f1o fichero de texto que se almacena en tu navegador cuando visitas casi cualquier p\u00e1gina web. Su utilidad es que la web sea capaz de recordar tu visita cuando vuelvas a navegar por esa p\u00e1gina. Las cookies suelen almacenar informaci\u00f3n de car\u00e1cter t\u00e9cnico, preferencias personales, personalizaci\u00f3n de contenidos, estad\u00edsticas de uso, enlaces a Redes Sociales, acceso a cuentas de usuario, etc. El objetivo de la cookie es adaptar el contenido de la web a tu perfil y necesidades. Sin cookies los servicios ofrecidos por cualquier p\u00e1gina se ver\u00edan mermados notablemente.<\/p>\n<h2><span id=\"Tipos_de_cookies\" class=\"ez-toc-section\">TIPOS DE COOKIES<\/span><\/h2>\n<p>Seg\u00fan quien sea la entidad que gestione el dominio desde donde se env\u00edan las cookies y trate los datos que se obtengan se pueden distinguir dos tipos:<\/p>\n<ul>\n<li>Cookies propias: aqu\u00e9llas que se env\u00edan al equipo terminal del usuario desde un equipo o dominio gestionado por el propio editor y desde el que se presta el servicio solicitado por el usuario.<\/li>\n<li>Cookies de terceros: aqu\u00e9llas que se env\u00edan al equipo terminal del usuario desde un equipo o dominio que no es gestionado por el editor, sino por otra entidad que trata los datos obtenidos trav\u00e9s de las cookies.<\/li>\n<\/ul>\n<p>En el caso de que las cookies sean instaladas desde un equipo o dominio gestionado por el propio editor pero la informaci\u00f3n que se recoja mediante \u00e9stas sea gestionada por un tercero, no pueden ser consideradas como cookies propias.<\/p>\n<p>Existe tambi\u00e9n una segunda clasificaci\u00f3n seg\u00fan el plazo de tiempo que permanecen almacenadas en el navegador del cliente, pudiendo tratarse de:<\/p>\n<ul>\n<li>Cookies de sesi\u00f3n: dise\u00f1adas para recabar y almacenar datos mientras el usuario accede a una p\u00e1gina web. Se suelen emplear para almacenar informaci\u00f3n que solo interesa conservar para la prestaci\u00f3n del servicio solicitado por el usuario en una sola ocasi\u00f3n<\/li>\n<li>Cookies persistentes: tipo de cookies en el que los datos siguen almacenados en el terminal y pueden ser accedidos y tratados durante un periodo definido por el responsable de la cookie, y que puede ir de unos minutos a varios a\u00f1os.<\/li>\n<\/ul>\n<p>Seg\u00fan la finalidad para la que se traten los datos obtenidos a trav\u00e9s de las cookies, podemos distinguir entre:<\/p>\n<ul>\n<li>Cookies t\u00e9cnicas: aquellas que permiten al usuario la navegaci\u00f3n a trav\u00e9s de una p\u00e1gina web, plataforma o aplicaci\u00f3n y la utilizaci\u00f3n de las diferentes opciones o servicios que en ella existan como, por ejemplo, controlar el tr\u00e1fico y la comunicaci\u00f3n de datos, identificar la sesi\u00f3n, acceder a partes de acceso restringido, recordar los elementos que integran un pedido, realizar el proceso de compra de un pedido, realizar la solicitud de inscripci\u00f3n o participaci\u00f3n en un evento, utilizar elementos de seguridad durante la navegaci\u00f3n, almacenar contenidos para la difusi\u00f3n de v\u00eddeos o sonido o compartir contenidos a trav\u00e9s de redes sociales.<\/li>\n<li>Cookies de personalizaci\u00f3n: permiten al usuario acceder al servicio con algunas caracter\u00edsticas de car\u00e1cter general predefinidas en funci\u00f3n de una serie de criterios en el terminal del usuario como por ejemplo serian el idioma, el tipo de navegador a trav\u00e9s del cual accede al servicio, la configuraci\u00f3n regional desde donde accede al servicio, etc.<\/li>\n<li>Cookies de an\u00e1lisis: permiten al responsable de las mismas, el seguimiento y an\u00e1lisis del comportamiento de los usuarios de los sitios web a los que est\u00e1n vinculadas. La informaci\u00f3n recogida mediante este tipo de cookies se utiliza en la medici\u00f3n de la actividad de los sitios web, aplicaci\u00f3n o plataforma y para la elaboraci\u00f3n de perfiles de navegaci\u00f3n de los usuarios de dichos sitios, aplicaciones y plataformas, con el fin de introducir mejoras en funci\u00f3n del an\u00e1lisis de los datos de uso que hacen los usuarios del servicio.<\/li>\n<li>Cookies publicitarias: permiten la gesti\u00f3n, de la forma m\u00e1s eficaz posible, de los espacios publicitarios que, en su caso, el editor haya incluido en una p\u00e1gina web, aplicaci\u00f3n o plataforma desde la que presta el servicio solicitado en base a criterios como el contenido editado o la frecuencia en la que se muestran los anuncios.<\/li>\n<li>Cookies de publicidad comportamental: permiten la gesti\u00f3n, de la forma m\u00e1s eficaz posible, de los espacios publicitarios que, en su caso, el editor haya incluido en una p\u00e1gina web, aplicaci\u00f3n o plataforma desde la que presta el servicio solicitado. Estas cookies almacenan informaci\u00f3n del comportamiento de los usuarios obtenida a trav\u00e9s de la observaci\u00f3n continuada de sus h\u00e1bitos de navegaci\u00f3n, lo que permite desarrollar un perfil espec\u00edfico para mostrar publicidad en funci\u00f3n del mismo.<\/li>\n<li>Cookies de redes sociales externas: se utilizan para que los visitantes puedan interactuar con el contenido de diferentes plataformas sociales (facebook, youtube, twitter, linkedIn, etc..) y que se generen \u00fanicamente para los usuarios de dichas redes sociales. Las condiciones de utilizaci\u00f3n de estas cookies y la informaci\u00f3n recopilada se regula por la pol\u00edtica de privacidad de la plataforma social correspondiente.<\/li>\n<\/ul>\n<h3>Desactivaci\u00f3n o eliminaci\u00f3n de cookies<\/h3>\n<p>Tienes la opci\u00f3n de permitir, bloquear o eliminar las cookies instaladas en tu equipo mediante la configuraci\u00f3n de las opciones del navegador instalado en su equipo. Al desactivar cookies, algunos de los servicios disponibles podr\u00edan dejar de estar operativos. La forma de deshabilitar las cookies es diferente para cada navegador, pero normalmente puede hacerse desde el men\u00fa Herramientas u Opciones. Tambi\u00e9n puede consultarse el men\u00fa de Ayuda del navegador d\u00f3nde puedes encontrar instrucciones. El usuario podr\u00e1 en cualquier momento elegir qu\u00e9 cookies quiere que funcionen en este sitio web.<\/p>\n<p>Para m\u00e1s informaci\u00f3n, puede consultar en la Ayuda de su navegador o en las p\u00e1ginas de soporte de los mismos:<br>Chrome:&nbsp;<a href=\"http:\/\/support.google.com\/\" target=\"_blank\" rel=\"noopener\">support.google.com<\/a><br>FireFox:&nbsp;<a href=\"http:\/\/https\/\/support.mozilla.org\/es\/\" target=\"_blank\" rel=\"noopener\">support.mozilla.org<\/a><br>Internet Explorer:&nbsp;<a href=\"https:\/\/www.microsoft.com\/es-es\/windows\" target=\"_blank\" rel=\"noopener\">windows.microsoft.com<\/a><br>Safari:&nbsp;<a href=\"https:\/\/www.apple.com\/\" target=\"_blank\" rel=\"noopener\">http:\/\/www.apple.com<\/a><br>Opera:&nbsp;<a href=\"https:\/\/www.opera.com\/help\/tutorials\/security\/cookies\/\" target=\"_blank\" rel=\"noopener\">http:\/\/www.opera.com\/help\/tutorials\/security\/cookies\/<\/a><br>Edge:&nbsp;<a href=\"https:\/\/privacy.microsoft.com\/es-es\/windows-10-microsoft-edge-and-privacy\" target=\"_blank\" rel=\"noopener\">https:\/\/privacy.microsoft.com\/es-es\/windows-10-microsoft-edge-and-privacy<\/a><\/p>\n<h3>Cookies utilizadas&nbsp;<\/h3>\n<p>A continuaci\u00f3n se identifican las cookies que est\u00e1n siendo utilizadas en este portal as\u00ed como su tipolog\u00eda y funci\u00f3n:<\/p>\n<ul>\n<li>Cookies de an\u00e1lisis: Son aqu\u00e9llas que bien tratadas por nosotros o por terceros, nos permiten cuantificar el n\u00famero de usuarios y as\u00ed realizar la medici\u00f3n y an\u00e1lisis estad\u00edstico de la utilizaci\u00f3n que hacen los usuarios del servicio ofertado. Para ello se analiza su navegaci\u00f3n en nuestra p\u00e1gina web con el fin de mejorar la oferta de productos o servicios que le ofrecemos.<\/li>\n<li>Cookies publicitarias: Son aqu\u00e9llas que, bien tratadas por nosotros o por terceros, nos permiten gestionar de la forma m\u00e1s eficaz posible la oferta de los espacios publicitarios que hay en la p\u00e1gina web, adecuando el contenido del anuncio al contenido del servicio solicitado o al uso que realice de nuestra p\u00e1gina web. Para ello podemos analizar sus h\u00e1bitos de navegaci\u00f3n en Internet y podemos mostrarle publicidad relacionada con su perfil de navegaci\u00f3n.<\/li>\n<\/ul>\n<h3><strong>Aceptaci\u00f3n de la pol\u00edtica de cookies<\/strong><\/h3>\n<p>OLR SOFTWARE S.L. asume que usted acepta el uso de cookies. No obstante, muestra informaci\u00f3n sobre su Pol\u00edtica de cookies en la parte inferior o superior de cualquier p\u00e1gina del portal con cada inicio de sesi\u00f3n con el objeto de que usted sea consciente.<\/p>\n<p>Ante esta informaci\u00f3n es posible llevar a cabo las siguientes acciones:<\/p>\n<ul>\n<li>Aceptar cookies. No se volver\u00e1 a visualizar este aviso al acceder a cualquier p\u00e1gina del portal durante la presente sesi\u00f3n.<\/li>\n<li>Se oculta el aviso en la presente p\u00e1gina.<\/li>\n<li>Modificar su configuraci\u00f3n. Podr\u00e1 obtener m\u00e1s informaci\u00f3n sobre qu\u00e9 son las cookies, conocer la&nbsp;Pol\u00edtica de cookies de www.autosconchita.com y modificar la configuraci\u00f3n de su navegador.<\/li>\n<\/ul>\n<\/li>\n<\/ol>\n<\/div>\n<\/section>\n<\/div>\n<\/div>\n<\/div>\n<p><\/p><\/main><\/div>\n<\/div>\n<\/div>\n<\/div>\t\t\t\t\t\t<\/div>\n\t\t\t\t<\/div>\n\t\t\t\t\t<\/div>\n\t\t<\/div>\n\t\t\t\t\t<\/div>\n\t\t<\/section>\n\t\t\t\t<\/div>\n\t\t","protected":false},"excerpt":{"rendered":"<p>POL\u00cdTICA DE COOKIES La p\u00e1gina web www.autosconchita.com titularidad Autom\u00f3viles Concepci\u00f3n S.L. utiliza cookies. \u00bfQU\u00c9 ES UNA COOKIE? Una cookie es un peque\u00f1o fichero de texto que se almacena en tu navegador cuando visitas casi cualquier p\u00e1gina web. Su utilidad es que la web sea capaz de recordar tu visita cuando vuelvas a navegar por esa [&hellip;]<\/p>\n","protected":false},"author":2,"featured_media":0,"parent":0,"menu_order":0,"comment_status":"closed","ping_status":"closed","template":"","meta":{"_joinchat":[],"footnotes":""},"class_list":["post-3463","page","type-page","status-publish","hentry"],"yoast_head":"<!-- This site is optimized with the Yoast SEO plugin v22.8 - https:\/\/yoast.com\/wordpress\/plugins\/seo\/ -->\n<title>Cookies - Autosconchita<\/title>\n<meta name=\"robots\" content=\"index, follow, max-snippet:-1, max-image-preview:large, max-video-preview:-1\" \/>\n<link rel=\"canonical\" href=\"https:\/\/wp.autosconchita.com\/index.php\/cookies\/\" \/>\n<meta property=\"og:locale\" content=\"es_ES\" \/>\n<meta property=\"og:type\" content=\"article\" \/>\n<meta property=\"og:title\" content=\"Cookies - Autosconchita\" \/>\n<meta property=\"og:description\" content=\"POL\u00cdTICA DE COOKIES La p\u00e1gina web www.autosconchita.com titularidad Autom\u00f3viles Concepci\u00f3n S.L. utiliza cookies. \u00bfQU\u00c9 ES UNA COOKIE? Una cookie es un peque\u00f1o fichero de texto que se almacena en tu navegador cuando visitas casi cualquier p\u00e1gina web. Su utilidad es que la web sea capaz de recordar tu visita cuando vuelvas a navegar por esa [&hellip;]\" \/>\n<meta property=\"og:url\" content=\"https:\/\/wp.autosconchita.com\/index.php\/cookies\/\" \/>\n<meta property=\"og:site_name\" content=\"Autosconchita\" \/>\n<meta property=\"article:modified_time\" content=\"2022-01-24T14:56:54+00:00\" \/>\n<meta name=\"twitter:card\" content=\"summary_large_image\" \/>\n<meta name=\"twitter:label1\" content=\"Tiempo de lectura\" \/>\n\t<meta name=\"twitter:data1\" content=\"7 minutos\" \/>\n<script type=\"application\/ld+json\" class=\"yoast-schema-graph\">{\"@context\":\"https:\/\/schema.org\",\"@graph\":[{\"@type\":\"WebPage\",\"@id\":\"https:\/\/wp.autosconchita.com\/index.php\/cookies\/\",\"url\":\"https:\/\/wp.autosconchita.com\/index.php\/cookies\/\",\"name\":\"Cookies - Autosconchita\",\"isPartOf\":{\"@id\":\"https:\/\/wp.autosconchita.com\/#website\"},\"datePublished\":\"2021-12-28T12:03:10+00:00\",\"dateModified\":\"2022-01-24T14:56:54+00:00\",\"breadcrumb\":{\"@id\":\"https:\/\/wp.autosconchita.com\/index.php\/cookies\/#breadcrumb\"},\"inLanguage\":\"es\",\"potentialAction\":[{\"@type\":\"ReadAction\",\"target\":[\"https:\/\/wp.autosconchita.com\/index.php\/cookies\/\"]}]},{\"@type\":\"BreadcrumbList\",\"@id\":\"https:\/\/wp.autosconchita.com\/index.php\/cookies\/#breadcrumb\",\"itemListElement\":[{\"@type\":\"ListItem\",\"position\":1,\"name\":\"Portada\",\"item\":\"https:\/\/wp.autosconchita.com\/\"},{\"@type\":\"ListItem\",\"position\":2,\"name\":\"Cookies\"}]},{\"@type\":\"WebSite\",\"@id\":\"https:\/\/wp.autosconchita.com\/#website\",\"url\":\"https:\/\/wp.autosconchita.com\/\",\"name\":\"Autosconchita\",\"description\":\"Concesionario multimarca\",\"publisher\":{\"@id\":\"https:\/\/wp.autosconchita.com\/#organization\"},\"potentialAction\":[{\"@type\":\"SearchAction\",\"target\":{\"@type\":\"EntryPoint\",\"urlTemplate\":\"https:\/\/wp.autosconchita.com\/?s={search_term_string}\"},\"query-input\":\"required name=search_term_string\"}],\"inLanguage\":\"es\"},{\"@type\":\"Organization\",\"@id\":\"https:\/\/wp.autosconchita.com\/#organization\",\"name\":\"Autosconchita\",\"url\":\"https:\/\/wp.autosconchita.com\/\",\"logo\":{\"@type\":\"ImageObject\",\"inLanguage\":\"es\",\"@id\":\"https:\/\/wp.autosconchita.com\/#\/schema\/logo\/image\/\",\"url\":\"https:\/\/wp.autosconchita.com\/wp-content\/uploads\/2021\/09\/cropped-cropped-autosconchita.png\",\"contentUrl\":\"https:\/\/wp.autosconchita.com\/wp-content\/uploads\/2021\/09\/cropped-cropped-autosconchita.png\",\"width\":721,\"height\":200,\"caption\":\"Autosconchita\"},\"image\":{\"@id\":\"https:\/\/wp.autosconchita.com\/#\/schema\/logo\/image\/\"}}]}<\/script>\n<!-- \/ Yoast SEO plugin. -->","yoast_head_json":{"title":"Cookies - Autosconchita","robots":{"index":"index","follow":"follow","max-snippet":"max-snippet:-1","max-image-preview":"max-image-preview:large","max-video-preview":"max-video-preview:-1"},"canonical":"https:\/\/wp.autosconchita.com\/index.php\/cookies\/","og_locale":"es_ES","og_type":"article","og_title":"Cookies - Autosconchita","og_description":"POL\u00cdTICA DE COOKIES La p\u00e1gina web www.autosconchita.com titularidad Autom\u00f3viles Concepci\u00f3n S.L. utiliza cookies. \u00bfQU\u00c9 ES UNA COOKIE? Una cookie es un peque\u00f1o fichero de texto que se almacena en tu navegador cuando visitas casi cualquier p\u00e1gina web. Su utilidad es que la web sea capaz de recordar tu visita cuando vuelvas a navegar por esa [&hellip;]","og_url":"https:\/\/wp.autosconchita.com\/index.php\/cookies\/","og_site_name":"Autosconchita","article_modified_time":"2022-01-24T14:56:54+00:00","twitter_card":"summary_large_image","twitter_misc":{"Tiempo de lectura":"7 minutos"},"schema":{"@context":"https:\/\/schema.org","@graph":[{"@type":"WebPage","@id":"https:\/\/wp.autosconchita.com\/index.php\/cookies\/","url":"https:\/\/wp.autosconchita.com\/index.php\/cookies\/","name":"Cookies - Autosconchita","isPartOf":{"@id":"https:\/\/wp.autosconchita.com\/#website"},"datePublished":"2021-12-28T12:03:10+00:00","dateModified":"2022-01-24T14:56:54+00:00","breadcrumb":{"@id":"https:\/\/wp.autosconchita.com\/index.php\/cookies\/#breadcrumb"},"inLanguage":"es","potentialAction":[{"@type":"ReadAction","target":["https:\/\/wp.autosconchita.com\/index.php\/cookies\/"]}]},{"@type":"BreadcrumbList","@id":"https:\/\/wp.autosconchita.com\/index.php\/cookies\/#breadcrumb","itemListElement":[{"@type":"ListItem","position":1,"name":"Portada","item":"https:\/\/wp.autosconchita.com\/"},{"@type":"ListItem","position":2,"name":"Cookies"}]},{"@type":"WebSite","@id":"https:\/\/wp.autosconchita.com\/#website","url":"https:\/\/wp.autosconchita.com\/","name":"Autosconchita","description":"Concesionario multimarca","publisher":{"@id":"https:\/\/wp.autosconchita.com\/#organization"},"potentialAction":[{"@type":"SearchAction","target":{"@type":"EntryPoint","urlTemplate":"https:\/\/wp.autosconchita.com\/?s={search_term_string}"},"query-input":"required name=search_term_string"}],"inLanguage":"es"},{"@type":"Organization","@id":"https:\/\/wp.autosconchita.com\/#organization","name":"Autosconchita","url":"https:\/\/wp.autosconchita.com\/","logo":{"@type":"ImageObject","inLanguage":"es","@id":"https:\/\/wp.autosconchita.com\/#\/schema\/logo\/image\/","url":"https:\/\/wp.autosconchita.com\/wp-content\/uploads\/2021\/09\/cropped-cropped-autosconchita.png","contentUrl":"https:\/\/wp.autosconchita.com\/wp-content\/uploads\/2021\/09\/cropped-cropped-autosconchita.png","width":721,"height":200,"caption":"Autosconchita"},"image":{"@id":"https:\/\/wp.autosconchita.com\/#\/schema\/logo\/image\/"}}]}},"_links":{"self":[{"href":"https:\/\/wp.autosconchita.com\/index.php\/wp-json\/wp\/v2\/pages\/3463","targetHints":{"allow":["GET"]}}],"collection":[{"href":"https:\/\/wp.autosconchita.com\/index.php\/wp-json\/wp\/v2\/pages"}],"about":[{"href":"https:\/\/wp.autosconchita.com\/index.php\/wp-json\/wp\/v2\/types\/page"}],"author":[{"embeddable":true,"href":"https:\/\/wp.autosconchita.com\/index.php\/wp-json\/wp\/v2\/users\/2"}],"replies":[{"embeddable":true,"href":"https:\/\/wp.autosconchita.com\/index.php\/wp-json\/wp\/v2\/comments?post=3463"}],"version-history":[{"count":7,"href":"https:\/\/wp.autosconchita.com\/index.php\/wp-json\/wp\/v2\/pages\/3463\/revisions"}],"predecessor-version":[{"id":3574,"href":"https:\/\/wp.autosconchita.com\/index.php\/wp-json\/wp\/v2\/pages\/3463\/revisions\/3574"}],"wp:attachment":[{"href":"https:\/\/wp.autosconchita.com\/index.php\/wp-json\/wp\/v2\/media?parent=3463"}],"curies":[{"name":"wp","href":"https:\/\/api.w.org\/{rel}","templated":true}]}}