{"id":3782,"date":"2022-02-12T17:08:27","date_gmt":"2022-02-12T16:08:27","guid":{"rendered":"https:\/\/wp.autosconchita.com\/?post_type=product&#038;p=3782"},"modified":"2022-02-15T11:40:20","modified_gmt":"2022-02-15T10:40:20","slug":"ford-fiesta-1-1-ti-75-cv-limited-edition","status":"publish","type":"product","link":"https:\/\/wp.autosconchita.com\/index.php\/producto\/ford-fiesta-1-1-ti-75-cv-limited-edition\/","title":{"rendered":"FORD FIESTA 1.1 TI 75 CV LIMITED EDITION"},"content":{"rendered":"<div class=\"col-print-12 col-xs-12 col-sm-6 col-md-6 col-lg-6 caracteristicas\">\n<div class=\"row\">\n<div class=\"col-print-4 col-xs-12 col-sm-12 col-md-12 col-lg-12\">\n<div class=\"caract\">\n<ul class=\"mt-PanelAdDetails-data\">\n<li class=\"mt-PanelAdDetails-dataItem\"><strong>2021<\/strong><\/li>\n<li class=\"mt-PanelAdDetails-dataItem\"><strong>9<\/strong>\u00a0km<\/li>\n<li class=\"mt-PanelAdDetails-dataItem\"><strong>Azul Chrome<\/strong><\/li>\n<li class=\"mt-PanelAdDetails-dataItem\"><strong>Gasolina<\/strong><\/li>\n<li class=\"mt-PanelAdDetails-dataItem\">Garant\u00eda <strong>12 meses (1 a\u00f1o)<\/strong><\/li>\n<li class=\"mt-PanelAdDetails-dataItem\">\n<div class=\"mt-PanelAdDetails-dataItemEcoLabel\">Etiqueta <strong>\u00a0<\/strong><img decoding=\"async\" class=\"alignnone wp-image-3736\" src=\"https:\/\/wp.autosconchita.com\/wp-content\/uploads\/2022\/01\/ETIQUETA-C.png\" alt=\"\" width=\"36\" height=\"35\" \/><\/div>\n<\/li>\n<\/ul>\n<\/div>\n<\/div>\n<\/div>\n<\/div>\n","protected":false},"excerpt":{"rendered":"<p>2021 | 9 km | Gasolina<\/p>\n<h2><span class=\"sc-50lret-11 sc-18w3qry-4 gbFyQi ggdnsO\">105,42<\/span>\u00a0\u20ac\u00a0\/mes*<\/h2>\n<h6>* Ejemplo de financiaci\u00f3n del importe con una entrada de 7.000 \u20ac m\u00e1s 120 cuotas. Comisi\u00f3n de apertura al contado 3,95 %. Precio total a plazos: 19.650,40 \u20ac. TIN 5,99 %. TAE 7,06 %. Sin permanencia. Importe m\u00ednimo a financiar: 2.000 \u20ac. Incompatible con otras acciones financieras. Sujeto a condiciones de financiaci\u00f3n de las entidades colaboradoras. Para otras opciones de financiaci\u00f3n, por favor p\u00f3ngase en contacto con nosotros. Sujeto a disponibilidad del veh\u00edculo. El anuncio puede contener erratas.<\/h6>\n<p>&nbsp;<\/p>\n","protected":false},"featured_media":3783,"comment_status":"closed","ping_status":"closed","template":"","meta":{"_joinchat":[]},"product_cat":[35,50],"product_tag":[],"class_list":{"0":"post-3782","1":"product","2":"type-product","3":"status-publish","4":"has-post-thumbnail","6":"product_cat-km0","7":"product_cat-todo","9":"first","10":"instock","11":"virtual","12":"purchasable","13":"product-type-simple"},"yoast_head":"<!-- This site is optimized with the Yoast SEO plugin v22.8 - https:\/\/yoast.com\/wordpress\/plugins\/seo\/ -->\n<title>FORD FIESTA 1.1 TI 75 CV LIMITED EDITION - Autosconchita<\/title>\n<meta name=\"robots\" content=\"index, follow, max-snippet:-1, max-image-preview:large, max-video-preview:-1\" \/>\n<link rel=\"canonical\" href=\"https:\/\/wp.autosconchita.com\/index.php\/producto\/ford-fiesta-1-1-ti-75-cv-limited-edition\/\" \/>\n<meta property=\"og:locale\" content=\"es_ES\" \/>\n<meta property=\"og:type\" content=\"article\" \/>\n<meta property=\"og:title\" content=\"FORD FIESTA 1.1 TI 75 CV LIMITED EDITION - Autosconchita\" \/>\n<meta property=\"og:description\" content=\"2021 | 9 km | Gasolina 105,42\u00a0\u20ac\u00a0\/mes* * Ejemplo de financiaci\u00f3n del importe con una entrada de 7.000 \u20ac m\u00e1s 120 cuotas. Comisi\u00f3n de apertura al contado 3,95 %. Precio total a plazos: 19.650,40 \u20ac. TIN 5,99 %. TAE 7,06 %. Sin permanencia. Importe m\u00ednimo a financiar: 2.000 \u20ac. Incompatible con otras acciones financieras. Sujeto a condiciones de financiaci\u00f3n de las entidades colaboradoras. Para otras opciones de financiaci\u00f3n, por favor p\u00f3ngase en contacto con nosotros. Sujeto a disponibilidad del veh\u00edculo. El anuncio puede contener erratas. &nbsp;\" \/>\n<meta property=\"og:url\" content=\"https:\/\/wp.autosconchita.com\/index.php\/producto\/ford-fiesta-1-1-ti-75-cv-limited-edition\/\" \/>\n<meta property=\"og:site_name\" content=\"Autosconchita\" \/>\n<meta property=\"article:modified_time\" content=\"2022-02-15T10:40:20+00:00\" \/>\n<meta property=\"og:image\" content=\"https:\/\/wp.autosconchita.com\/wp-content\/uploads\/2022\/02\/7.jpg\" \/>\n\t<meta property=\"og:image:width\" content=\"640\" \/>\n\t<meta property=\"og:image:height\" content=\"480\" \/>\n\t<meta property=\"og:image:type\" content=\"image\/jpeg\" \/>\n<meta name=\"twitter:card\" content=\"summary_large_image\" \/>\n<meta name=\"twitter:label1\" content=\"Tiempo de lectura\" \/>\n\t<meta name=\"twitter:data1\" content=\"1 minuto\" \/>\n<script type=\"application\/ld+json\" class=\"yoast-schema-graph\">{\"@context\":\"https:\/\/schema.org\",\"@graph\":[{\"@type\":\"WebPage\",\"@id\":\"https:\/\/wp.autosconchita.com\/index.php\/producto\/ford-fiesta-1-1-ti-75-cv-limited-edition\/\",\"url\":\"https:\/\/wp.autosconchita.com\/index.php\/producto\/ford-fiesta-1-1-ti-75-cv-limited-edition\/\",\"name\":\"FORD FIESTA 1.1 TI 75 CV LIMITED EDITION - Autosconchita\",\"isPartOf\":{\"@id\":\"https:\/\/wp.autosconchita.com\/#website\"},\"primaryImageOfPage\":{\"@id\":\"https:\/\/wp.autosconchita.com\/index.php\/producto\/ford-fiesta-1-1-ti-75-cv-limited-edition\/#primaryimage\"},\"image\":{\"@id\":\"https:\/\/wp.autosconchita.com\/index.php\/producto\/ford-fiesta-1-1-ti-75-cv-limited-edition\/#primaryimage\"},\"thumbnailUrl\":\"https:\/\/wp.autosconchita.com\/wp-content\/uploads\/2022\/02\/7.jpg\",\"datePublished\":\"2022-02-12T16:08:27+00:00\",\"dateModified\":\"2022-02-15T10:40:20+00:00\",\"breadcrumb\":{\"@id\":\"https:\/\/wp.autosconchita.com\/index.php\/producto\/ford-fiesta-1-1-ti-75-cv-limited-edition\/#breadcrumb\"},\"inLanguage\":\"es\",\"potentialAction\":[{\"@type\":\"ReadAction\",\"target\":[\"https:\/\/wp.autosconchita.com\/index.php\/producto\/ford-fiesta-1-1-ti-75-cv-limited-edition\/\"]}]},{\"@type\":\"ImageObject\",\"inLanguage\":\"es\",\"@id\":\"https:\/\/wp.autosconchita.com\/index.php\/producto\/ford-fiesta-1-1-ti-75-cv-limited-edition\/#primaryimage\",\"url\":\"https:\/\/wp.autosconchita.com\/wp-content\/uploads\/2022\/02\/7.jpg\",\"contentUrl\":\"https:\/\/wp.autosconchita.com\/wp-content\/uploads\/2022\/02\/7.jpg\",\"width\":640,\"height\":480},{\"@type\":\"BreadcrumbList\",\"@id\":\"https:\/\/wp.autosconchita.com\/index.php\/producto\/ford-fiesta-1-1-ti-75-cv-limited-edition\/#breadcrumb\",\"itemListElement\":[{\"@type\":\"ListItem\",\"position\":1,\"name\":\"Portada\",\"item\":\"https:\/\/wp.autosconchita.com\/\"},{\"@type\":\"ListItem\",\"position\":2,\"name\":\"VEH\u00cdCULOS\",\"item\":\"https:\/\/wp.autosconchita.com\/index.php\/vehic\/\"},{\"@type\":\"ListItem\",\"position\":3,\"name\":\"FORD FIESTA 1.1 TI 75 CV LIMITED EDITION\"}]},{\"@type\":\"WebSite\",\"@id\":\"https:\/\/wp.autosconchita.com\/#website\",\"url\":\"https:\/\/wp.autosconchita.com\/\",\"name\":\"Autosconchita\",\"description\":\"Concesionario multimarca\",\"publisher\":{\"@id\":\"https:\/\/wp.autosconchita.com\/#organization\"},\"potentialAction\":[{\"@type\":\"SearchAction\",\"target\":{\"@type\":\"EntryPoint\",\"urlTemplate\":\"https:\/\/wp.autosconchita.com\/?s={search_term_string}\"},\"query-input\":\"required name=search_term_string\"}],\"inLanguage\":\"es\"},{\"@type\":\"Organization\",\"@id\":\"https:\/\/wp.autosconchita.com\/#organization\",\"name\":\"Autosconchita\",\"url\":\"https:\/\/wp.autosconchita.com\/\",\"logo\":{\"@type\":\"ImageObject\",\"inLanguage\":\"es\",\"@id\":\"https:\/\/wp.autosconchita.com\/#\/schema\/logo\/image\/\",\"url\":\"https:\/\/wp.autosconchita.com\/wp-content\/uploads\/2021\/09\/cropped-cropped-autosconchita.png\",\"contentUrl\":\"https:\/\/wp.autosconchita.com\/wp-content\/uploads\/2021\/09\/cropped-cropped-autosconchita.png\",\"width\":721,\"height\":200,\"caption\":\"Autosconchita\"},\"image\":{\"@id\":\"https:\/\/wp.autosconchita.com\/#\/schema\/logo\/image\/\"}}]}<\/script>\n<!-- \/ Yoast SEO plugin. -->","yoast_head_json":{"title":"FORD FIESTA 1.1 TI 75 CV LIMITED EDITION - Autosconchita","robots":{"index":"index","follow":"follow","max-snippet":"max-snippet:-1","max-image-preview":"max-image-preview:large","max-video-preview":"max-video-preview:-1"},"canonical":"https:\/\/wp.autosconchita.com\/index.php\/producto\/ford-fiesta-1-1-ti-75-cv-limited-edition\/","og_locale":"es_ES","og_type":"article","og_title":"FORD FIESTA 1.1 TI 75 CV LIMITED EDITION - Autosconchita","og_description":"2021 | 9 km | Gasolina 105,42\u00a0\u20ac\u00a0\/mes* * Ejemplo de financiaci\u00f3n del importe con una entrada de 7.000 \u20ac m\u00e1s 120 cuotas. Comisi\u00f3n de apertura al contado 3,95 %. Precio total a plazos: 19.650,40 \u20ac. TIN 5,99 %. TAE 7,06 %. Sin permanencia. Importe m\u00ednimo a financiar: 2.000 \u20ac. Incompatible con otras acciones financieras. Sujeto a condiciones de financiaci\u00f3n de las entidades colaboradoras. Para otras opciones de financiaci\u00f3n, por favor p\u00f3ngase en contacto con nosotros. Sujeto a disponibilidad del veh\u00edculo. El anuncio puede contener erratas. &nbsp;","og_url":"https:\/\/wp.autosconchita.com\/index.php\/producto\/ford-fiesta-1-1-ti-75-cv-limited-edition\/","og_site_name":"Autosconchita","article_modified_time":"2022-02-15T10:40:20+00:00","og_image":[{"width":640,"height":480,"url":"https:\/\/wp.autosconchita.com\/wp-content\/uploads\/2022\/02\/7.jpg","type":"image\/jpeg"}],"twitter_card":"summary_large_image","twitter_misc":{"Tiempo de lectura":"1 minuto"},"schema":{"@context":"https:\/\/schema.org","@graph":[{"@type":"WebPage","@id":"https:\/\/wp.autosconchita.com\/index.php\/producto\/ford-fiesta-1-1-ti-75-cv-limited-edition\/","url":"https:\/\/wp.autosconchita.com\/index.php\/producto\/ford-fiesta-1-1-ti-75-cv-limited-edition\/","name":"FORD FIESTA 1.1 TI 75 CV LIMITED EDITION - Autosconchita","isPartOf":{"@id":"https:\/\/wp.autosconchita.com\/#website"},"primaryImageOfPage":{"@id":"https:\/\/wp.autosconchita.com\/index.php\/producto\/ford-fiesta-1-1-ti-75-cv-limited-edition\/#primaryimage"},"image":{"@id":"https:\/\/wp.autosconchita.com\/index.php\/producto\/ford-fiesta-1-1-ti-75-cv-limited-edition\/#primaryimage"},"thumbnailUrl":"https:\/\/wp.autosconchita.com\/wp-content\/uploads\/2022\/02\/7.jpg","datePublished":"2022-02-12T16:08:27+00:00","dateModified":"2022-02-15T10:40:20+00:00","breadcrumb":{"@id":"https:\/\/wp.autosconchita.com\/index.php\/producto\/ford-fiesta-1-1-ti-75-cv-limited-edition\/#breadcrumb"},"inLanguage":"es","potentialAction":[{"@type":"ReadAction","target":["https:\/\/wp.autosconchita.com\/index.php\/producto\/ford-fiesta-1-1-ti-75-cv-limited-edition\/"]}]},{"@type":"ImageObject","inLanguage":"es","@id":"https:\/\/wp.autosconchita.com\/index.php\/producto\/ford-fiesta-1-1-ti-75-cv-limited-edition\/#primaryimage","url":"https:\/\/wp.autosconchita.com\/wp-content\/uploads\/2022\/02\/7.jpg","contentUrl":"https:\/\/wp.autosconchita.com\/wp-content\/uploads\/2022\/02\/7.jpg","width":640,"height":480},{"@type":"BreadcrumbList","@id":"https:\/\/wp.autosconchita.com\/index.php\/producto\/ford-fiesta-1-1-ti-75-cv-limited-edition\/#breadcrumb","itemListElement":[{"@type":"ListItem","position":1,"name":"Portada","item":"https:\/\/wp.autosconchita.com\/"},{"@type":"ListItem","position":2,"name":"VEH\u00cdCULOS","item":"https:\/\/wp.autosconchita.com\/index.php\/vehic\/"},{"@type":"ListItem","position":3,"name":"FORD FIESTA 1.1 TI 75 CV LIMITED EDITION"}]},{"@type":"WebSite","@id":"https:\/\/wp.autosconchita.com\/#website","url":"https:\/\/wp.autosconchita.com\/","name":"Autosconchita","description":"Concesionario multimarca","publisher":{"@id":"https:\/\/wp.autosconchita.com\/#organization"},"potentialAction":[{"@type":"SearchAction","target":{"@type":"EntryPoint","urlTemplate":"https:\/\/wp.autosconchita.com\/?s={search_term_string}"},"query-input":"required name=search_term_string"}],"inLanguage":"es"},{"@type":"Organization","@id":"https:\/\/wp.autosconchita.com\/#organization","name":"Autosconchita","url":"https:\/\/wp.autosconchita.com\/","logo":{"@type":"ImageObject","inLanguage":"es","@id":"https:\/\/wp.autosconchita.com\/#\/schema\/logo\/image\/","url":"https:\/\/wp.autosconchita.com\/wp-content\/uploads\/2021\/09\/cropped-cropped-autosconchita.png","contentUrl":"https:\/\/wp.autosconchita.com\/wp-content\/uploads\/2021\/09\/cropped-cropped-autosconchita.png","width":721,"height":200,"caption":"Autosconchita"},"image":{"@id":"https:\/\/wp.autosconchita.com\/#\/schema\/logo\/image\/"}}]}},"_links":{"self":[{"href":"https:\/\/wp.autosconchita.com\/index.php\/wp-json\/wp\/v2\/product\/3782","targetHints":{"allow":["GET"]}}],"collection":[{"href":"https:\/\/wp.autosconchita.com\/index.php\/wp-json\/wp\/v2\/product"}],"about":[{"href":"https:\/\/wp.autosconchita.com\/index.php\/wp-json\/wp\/v2\/types\/product"}],"replies":[{"embeddable":true,"href":"https:\/\/wp.autosconchita.com\/index.php\/wp-json\/wp\/v2\/comments?post=3782"}],"version-history":[{"count":3,"href":"https:\/\/wp.autosconchita.com\/index.php\/wp-json\/wp\/v2\/product\/3782\/revisions"}],"predecessor-version":[{"id":3875,"href":"https:\/\/wp.autosconchita.com\/index.php\/wp-json\/wp\/v2\/product\/3782\/revisions\/3875"}],"wp:featuredmedia":[{"embeddable":true,"href":"https:\/\/wp.autosconchita.com\/index.php\/wp-json\/wp\/v2\/media\/3783"}],"wp:attachment":[{"href":"https:\/\/wp.autosconchita.com\/index.php\/wp-json\/wp\/v2\/media?parent=3782"}],"wp:term":[{"taxonomy":"product_cat","embeddable":true,"href":"https:\/\/wp.autosconchita.com\/index.php\/wp-json\/wp\/v2\/product_cat?post=3782"},{"taxonomy":"product_tag","embeddable":true,"href":"https:\/\/wp.autosconchita.com\/index.php\/wp-json\/wp\/v2\/product_tag?post=3782"}],"curies":[{"name":"wp","href":"https:\/\/api.w.org\/{rel}","templated":true}]}}